{"id":1587,"date":"2025-11-10T10:46:38","date_gmt":"2025-11-10T13:46:38","guid":{"rendered":"https:\/\/lucasmalaspina.com\/?page_id=1587"},"modified":"2025-11-10T10:46:41","modified_gmt":"2025-11-10T13:46:41","slug":"a-propos-de","status":"publish","type":"page","link":"https:\/\/lucasmalaspina.com\/fr\/a-propos-de\/","title":{"rendered":"Je m&rsquo;appelle Lucas Malaspina"},"content":{"rendered":"\n<figure class=\"wp-block-image\"><img loading=\"lazy\" decoding=\"async\" width=\"2560\" height=\"643\" src=\"https:\/\/i0.wp.com\/lucasmalaspina.com\/wp-content\/uploads\/2024\/09\/villa_crespo_2.jpg?resize=2560%2C643&amp;ssl=1\" alt=\"\" class=\"wp-image-62\"\/><\/figure>\n\n\n\n<p class=\"wp-block-paragraph\">Villa Crespo est l&rsquo;endroit d&rsquo;o\u00f9 j&rsquo;observe le monde. Je suis n\u00e9 en 1988 et d\u00e8s l&rsquo;\u00e9cole primaire, j&rsquo;\u00e9tais d\u00e9j\u00e0 obs\u00e9d\u00e9 par l&rsquo;histoire et les changements qui traversent la soci\u00e9t\u00e9. Le temps m&rsquo;a conduit vers le marketing num\u00e9rique, l&rsquo;\u00e9coute des r\u00e9seaux sociaux, l&rsquo;\u00e9tude de l&rsquo;opinion publique et les strat\u00e9gies de communication politique et institutionnelle. Je suis consultant parce que j&rsquo;aime r\u00e9fl\u00e9chir \u00e0 ce qui convient aux autres. Je travaille en \u00e9quipe parce que cela me procure beaucoup de satisfaction de travailler main dans la main et que l&rsquo;organisation me rend heureux. Plus que jamais, \u00e0 l&rsquo;\u00e8re du chaos et de l&rsquo;acc\u00e9l\u00e9ration, l&rsquo;organisation du temps est synonyme de pouvoir. Le temps de pouvoir projeter de nouvelles choses. Du temps pour trouver notre place dans un avenir incertain. Du temps, par exemple, pour pouvoir vous faire part de mes pr\u00e9occupations et apprendre avec vous. C&rsquo;est quelque chose que je souhaite faire depuis longtemps, j&rsquo;esp\u00e8re que vous appr\u00e9cierez autant que moi.<\/p>\n","protected":false},"excerpt":{"rendered":"<p>Villa Crespo est l&rsquo;endroit d&rsquo;o\u00f9 j&rsquo;observe le monde. Je suis n\u00e9 en 1988 et d\u00e8s l&rsquo;\u00e9cole primaire, j&rsquo;\u00e9tais d\u00e9j\u00e0 obs\u00e9d\u00e9 par l&rsquo;histoire et les changements qui traversent la soci\u00e9t\u00e9. Le temps m&rsquo;a conduit vers le marketing num\u00e9rique, l&rsquo;\u00e9coute des r\u00e9seaux sociaux, l&rsquo;\u00e9tude de l&rsquo;opinion publique et les strat\u00e9gies de communication politique et institutionnelle. Je suis [&hellip;]<\/p>\n","protected":false},"author":103004725,"featured_media":0,"parent":0,"menu_order":0,"comment_status":"closed","ping_status":"closed","template":"","meta":{"_crdt_document":"","footnotes":""},"class_list":["post-1587","page","type-page","status-publish","hentry"],"yoast_head":"<!-- This site is optimized with the Yoast SEO plugin v27.5 - https:\/\/yoast.com\/product\/yoast-seo-wordpress\/ -->\n<title>Je m&#039;appelle Lucas Malaspina - Lucas Malaspina<\/title>\n<meta name=\"robots\" content=\"index, follow, max-snippet:-1, max-image-preview:large, max-video-preview:-1\" \/>\n<link rel=\"canonical\" href=\"https:\/\/lucasmalaspina.com\/fr\/a-propos-de\/\" \/>\n<meta property=\"og:locale\" content=\"fr_FR\" \/>\n<meta property=\"og:type\" content=\"article\" \/>\n<meta property=\"og:title\" content=\"Je m&#039;appelle Lucas Malaspina - Lucas Malaspina\" \/>\n<meta property=\"og:description\" content=\"Villa Crespo est l&rsquo;endroit d&rsquo;o\u00f9 j&rsquo;observe le monde. Je suis n\u00e9 en 1988 et d\u00e8s l&rsquo;\u00e9cole primaire, j&rsquo;\u00e9tais d\u00e9j\u00e0 obs\u00e9d\u00e9 par l&rsquo;histoire et les changements qui traversent la soci\u00e9t\u00e9. Le temps m&rsquo;a conduit vers le marketing num\u00e9rique, l&rsquo;\u00e9coute des r\u00e9seaux sociaux, l&rsquo;\u00e9tude de l&rsquo;opinion publique et les strat\u00e9gies de communication politique et institutionnelle. Je suis [&hellip;]\" \/>\n<meta property=\"og:url\" content=\"https:\/\/lucasmalaspina.com\/fr\/a-propos-de\/\" \/>\n<meta property=\"og:site_name\" content=\"Lucas Malaspina\" \/>\n<meta property=\"article:modified_time\" content=\"2025-11-10T13:46:41+00:00\" \/>\n<meta property=\"og:image\" content=\"https:\/\/i0.wp.com\/lucasmalaspina.com\/wp-content\/uploads\/2024\/09\/villa_crespo_2.jpg?fit=2560%2C643&ssl=1\" \/>\n\t<meta property=\"og:image:width\" content=\"2560\" \/>\n\t<meta property=\"og:image:height\" content=\"643\" \/>\n\t<meta property=\"og:image:type\" content=\"image\/jpeg\" \/>\n<meta name=\"twitter:card\" content=\"summary_large_image\" \/>\n<meta name=\"twitter:label1\" content=\"Dur\u00e9e de lecture estim\u00e9e\" \/>\n\t<meta name=\"twitter:data1\" content=\"1 minute\" \/>\n<script type=\"application\/ld+json\" class=\"yoast-schema-graph\">{\"@context\":\"https:\\\/\\\/schema.org\",\"@graph\":[{\"@type\":\"WebPage\",\"@id\":\"https:\\\/\\\/lucasmalaspina.com\\\/fr\\\/a-propos-de\\\/\",\"url\":\"https:\\\/\\\/lucasmalaspina.com\\\/fr\\\/a-propos-de\\\/\",\"name\":\"Je m'appelle Lucas Malaspina - Lucas Malaspina\",\"isPartOf\":{\"@id\":\"https:\\\/\\\/lucasmalaspina.com\\\/fr\\\/#website\"},\"primaryImageOfPage\":{\"@id\":\"https:\\\/\\\/lucasmalaspina.com\\\/fr\\\/a-propos-de\\\/#primaryimage\"},\"image\":{\"@id\":\"https:\\\/\\\/lucasmalaspina.com\\\/fr\\\/a-propos-de\\\/#primaryimage\"},\"thumbnailUrl\":\"https:\\\/\\\/i0.wp.com\\\/lucasmalaspina.com\\\/wp-content\\\/uploads\\\/2024\\\/09\\\/villa_crespo_2.jpg?resize=2560%2C643&amp;ssl=1\",\"datePublished\":\"2025-11-10T13:46:38+00:00\",\"dateModified\":\"2025-11-10T13:46:41+00:00\",\"breadcrumb\":{\"@id\":\"https:\\\/\\\/lucasmalaspina.com\\\/fr\\\/a-propos-de\\\/#breadcrumb\"},\"inLanguage\":\"fr-FR\",\"potentialAction\":[{\"@type\":\"ReadAction\",\"target\":[\"https:\\\/\\\/lucasmalaspina.com\\\/fr\\\/a-propos-de\\\/\"]}]},{\"@type\":\"ImageObject\",\"inLanguage\":\"fr-FR\",\"@id\":\"https:\\\/\\\/lucasmalaspina.com\\\/fr\\\/a-propos-de\\\/#primaryimage\",\"url\":\"https:\\\/\\\/i0.wp.com\\\/lucasmalaspina.com\\\/wp-content\\\/uploads\\\/2024\\\/09\\\/villa_crespo_2.jpg?resize=2560%2C643&amp;ssl=1\",\"contentUrl\":\"https:\\\/\\\/i0.wp.com\\\/lucasmalaspina.com\\\/wp-content\\\/uploads\\\/2024\\\/09\\\/villa_crespo_2.jpg?resize=2560%2C643&amp;ssl=1\"},{\"@type\":\"BreadcrumbList\",\"@id\":\"https:\\\/\\\/lucasmalaspina.com\\\/fr\\\/a-propos-de\\\/#breadcrumb\",\"itemListElement\":[{\"@type\":\"ListItem\",\"position\":1,\"name\":\"Portada\",\"item\":\"https:\\\/\\\/lucasmalaspina.com\\\/fr\\\/\"},{\"@type\":\"ListItem\",\"position\":2,\"name\":\"Je m&#8217;appelle Lucas Malaspina\"}]},{\"@type\":\"WebSite\",\"@id\":\"https:\\\/\\\/lucasmalaspina.com\\\/fr\\\/#website\",\"url\":\"https:\\\/\\\/lucasmalaspina.com\\\/fr\\\/\",\"name\":\"Lucas Malaspina\",\"description\":\"Communication politique et affaires publiques dans le chaos socio-num\u00e9rique\",\"publisher\":{\"@id\":\"https:\\\/\\\/lucasmalaspina.com\\\/fr\\\/#organization\"},\"potentialAction\":[{\"@type\":\"SearchAction\",\"target\":{\"@type\":\"EntryPoint\",\"urlTemplate\":\"https:\\\/\\\/lucasmalaspina.com\\\/fr\\\/?s={search_term_string}\"},\"query-input\":{\"@type\":\"PropertyValueSpecification\",\"valueRequired\":true,\"valueName\":\"search_term_string\"}}],\"inLanguage\":\"fr-FR\"},{\"@type\":\"Organization\",\"@id\":\"https:\\\/\\\/lucasmalaspina.com\\\/fr\\\/#organization\",\"name\":\"Lucas Malaspina\",\"url\":\"https:\\\/\\\/lucasmalaspina.com\\\/fr\\\/\",\"logo\":{\"@type\":\"ImageObject\",\"inLanguage\":\"fr-FR\",\"@id\":\"https:\\\/\\\/lucasmalaspina.com\\\/fr\\\/#\\\/schema\\\/logo\\\/image\\\/\",\"url\":\"https:\\\/\\\/i0.wp.com\\\/lucasmalaspina.com\\\/wp-content\\\/uploads\\\/2024\\\/08\\\/lucasmalaspina.jpeg?fit=225%2C225&ssl=1\",\"contentUrl\":\"https:\\\/\\\/i0.wp.com\\\/lucasmalaspina.com\\\/wp-content\\\/uploads\\\/2024\\\/08\\\/lucasmalaspina.jpeg?fit=225%2C225&ssl=1\",\"width\":225,\"height\":225,\"caption\":\"Lucas Malaspina\"},\"image\":{\"@id\":\"https:\\\/\\\/lucasmalaspina.com\\\/fr\\\/#\\\/schema\\\/logo\\\/image\\\/\"}}]}<\/script>\n<!-- \/ Yoast SEO plugin. -->","yoast_head_json":{"title":"Je m'appelle Lucas Malaspina - Lucas Malaspina","robots":{"index":"index","follow":"follow","max-snippet":"max-snippet:-1","max-image-preview":"max-image-preview:large","max-video-preview":"max-video-preview:-1"},"canonical":"https:\/\/lucasmalaspina.com\/fr\/a-propos-de\/","og_locale":"fr_FR","og_type":"article","og_title":"Je m'appelle Lucas Malaspina - Lucas Malaspina","og_description":"Villa Crespo est l&rsquo;endroit d&rsquo;o\u00f9 j&rsquo;observe le monde. Je suis n\u00e9 en 1988 et d\u00e8s l&rsquo;\u00e9cole primaire, j&rsquo;\u00e9tais d\u00e9j\u00e0 obs\u00e9d\u00e9 par l&rsquo;histoire et les changements qui traversent la soci\u00e9t\u00e9. Le temps m&rsquo;a conduit vers le marketing num\u00e9rique, l&rsquo;\u00e9coute des r\u00e9seaux sociaux, l&rsquo;\u00e9tude de l&rsquo;opinion publique et les strat\u00e9gies de communication politique et institutionnelle. Je suis [&hellip;]","og_url":"https:\/\/lucasmalaspina.com\/fr\/a-propos-de\/","og_site_name":"Lucas Malaspina","article_modified_time":"2025-11-10T13:46:41+00:00","og_image":[{"width":2560,"height":643,"url":"https:\/\/i0.wp.com\/lucasmalaspina.com\/wp-content\/uploads\/2024\/09\/villa_crespo_2.jpg?fit=2560%2C643&ssl=1","type":"image\/jpeg"}],"twitter_card":"summary_large_image","twitter_misc":{"Dur\u00e9e de lecture estim\u00e9e":"1 minute"},"schema":{"@context":"https:\/\/schema.org","@graph":[{"@type":"WebPage","@id":"https:\/\/lucasmalaspina.com\/fr\/a-propos-de\/","url":"https:\/\/lucasmalaspina.com\/fr\/a-propos-de\/","name":"Je m'appelle Lucas Malaspina - Lucas Malaspina","isPartOf":{"@id":"https:\/\/lucasmalaspina.com\/fr\/#website"},"primaryImageOfPage":{"@id":"https:\/\/lucasmalaspina.com\/fr\/a-propos-de\/#primaryimage"},"image":{"@id":"https:\/\/lucasmalaspina.com\/fr\/a-propos-de\/#primaryimage"},"thumbnailUrl":"https:\/\/i0.wp.com\/lucasmalaspina.com\/wp-content\/uploads\/2024\/09\/villa_crespo_2.jpg?resize=2560%2C643&amp;ssl=1","datePublished":"2025-11-10T13:46:38+00:00","dateModified":"2025-11-10T13:46:41+00:00","breadcrumb":{"@id":"https:\/\/lucasmalaspina.com\/fr\/a-propos-de\/#breadcrumb"},"inLanguage":"fr-FR","potentialAction":[{"@type":"ReadAction","target":["https:\/\/lucasmalaspina.com\/fr\/a-propos-de\/"]}]},{"@type":"ImageObject","inLanguage":"fr-FR","@id":"https:\/\/lucasmalaspina.com\/fr\/a-propos-de\/#primaryimage","url":"https:\/\/i0.wp.com\/lucasmalaspina.com\/wp-content\/uploads\/2024\/09\/villa_crespo_2.jpg?resize=2560%2C643&amp;ssl=1","contentUrl":"https:\/\/i0.wp.com\/lucasmalaspina.com\/wp-content\/uploads\/2024\/09\/villa_crespo_2.jpg?resize=2560%2C643&amp;ssl=1"},{"@type":"BreadcrumbList","@id":"https:\/\/lucasmalaspina.com\/fr\/a-propos-de\/#breadcrumb","itemListElement":[{"@type":"ListItem","position":1,"name":"Portada","item":"https:\/\/lucasmalaspina.com\/fr\/"},{"@type":"ListItem","position":2,"name":"Je m&#8217;appelle Lucas Malaspina"}]},{"@type":"WebSite","@id":"https:\/\/lucasmalaspina.com\/fr\/#website","url":"https:\/\/lucasmalaspina.com\/fr\/","name":"Lucas Malaspina","description":"Communication politique et affaires publiques dans le chaos socio-num\u00e9rique","publisher":{"@id":"https:\/\/lucasmalaspina.com\/fr\/#organization"},"potentialAction":[{"@type":"SearchAction","target":{"@type":"EntryPoint","urlTemplate":"https:\/\/lucasmalaspina.com\/fr\/?s={search_term_string}"},"query-input":{"@type":"PropertyValueSpecification","valueRequired":true,"valueName":"search_term_string"}}],"inLanguage":"fr-FR"},{"@type":"Organization","@id":"https:\/\/lucasmalaspina.com\/fr\/#organization","name":"Lucas Malaspina","url":"https:\/\/lucasmalaspina.com\/fr\/","logo":{"@type":"ImageObject","inLanguage":"fr-FR","@id":"https:\/\/lucasmalaspina.com\/fr\/#\/schema\/logo\/image\/","url":"https:\/\/i0.wp.com\/lucasmalaspina.com\/wp-content\/uploads\/2024\/08\/lucasmalaspina.jpeg?fit=225%2C225&ssl=1","contentUrl":"https:\/\/i0.wp.com\/lucasmalaspina.com\/wp-content\/uploads\/2024\/08\/lucasmalaspina.jpeg?fit=225%2C225&ssl=1","width":225,"height":225,"caption":"Lucas Malaspina"},"image":{"@id":"https:\/\/lucasmalaspina.com\/fr\/#\/schema\/logo\/image\/"}}]}},"jetpack_likes_enabled":true,"jetpack_sharing_enabled":true,"jetpack_shortlink":"https:\/\/wp.me\/Pg0sU9-pB","jetpack-related-posts":[],"_links":{"self":[{"href":"https:\/\/lucasmalaspina.com\/fr\/wp-json\/wp\/v2\/pages\/1587","targetHints":{"allow":["GET"]}}],"collection":[{"href":"https:\/\/lucasmalaspina.com\/fr\/wp-json\/wp\/v2\/pages"}],"about":[{"href":"https:\/\/lucasmalaspina.com\/fr\/wp-json\/wp\/v2\/types\/page"}],"author":[{"embeddable":true,"href":"https:\/\/lucasmalaspina.com\/fr\/wp-json\/wp\/v2\/users\/103004725"}],"replies":[{"embeddable":true,"href":"https:\/\/lucasmalaspina.com\/fr\/wp-json\/wp\/v2\/comments?post=1587"}],"version-history":[{"count":2,"href":"https:\/\/lucasmalaspina.com\/fr\/wp-json\/wp\/v2\/pages\/1587\/revisions"}],"predecessor-version":[{"id":1589,"href":"https:\/\/lucasmalaspina.com\/fr\/wp-json\/wp\/v2\/pages\/1587\/revisions\/1589"}],"wp:attachment":[{"href":"https:\/\/lucasmalaspina.com\/fr\/wp-json\/wp\/v2\/media?parent=1587"}],"curies":[{"name":"wp","href":"https:\/\/api.w.org\/{rel}","templated":true}]}}